{"id":1090960,"date":"2025-12-03T16:43:47","date_gmt":"2025-12-03T15:43:47","guid":{"rendered":"https:\/\/villalokobe.com\/mentions-legales\/"},"modified":"2025-12-10T05:15:57","modified_gmt":"2025-12-10T04:15:57","slug":"mentions-legales","status":"publish","type":"page","link":"https:\/\/villalokobe.com\/it\/mentions-legales\/","title":{"rendered":"Note legali"},"content":{"rendered":"<div class=\"et_pb_section_0 et_pb_section et_section_regular et_flex_section preset--module--divi-section--default\">\n<div class=\"et_pb_row_0 et_pb_row et_pb_gutters3 et_block_row et_animated\">\n<div class=\"et_pb_column_0 et_pb_column et_pb_column_4_4 et-last-child et_block_column et_pb_css_mix_blend_mode_passthrough\">\n<div class=\"et_pb_row_1 et_pb_row et_pb_row_nested et_flex_row\">\n<div class=\"et_pb_column_1 et_pb_column et-last-child et_flex_column et_pb_css_mix_blend_mode_passthrough et_flex_column_24_24\">\n<div class=\"et_pb_heading_0 et_pb_heading et_pb_module et_flex_module preset--module--divi-heading--default\"><div class=\"et_pb_heading_container\"><h3 class=\"et_pb_module_header\">Legal notices<\/h3><\/div><\/div>\n\n<div class=\"et_pb_heading_1 et_pb_heading et_pb_module et_flex_module preset--module--divi-heading--default\"><div class=\"et_pb_heading_container\"><h3 class=\"et_pb_module_header\">Privacy Policy<\/h3><\/div><\/div>\n<\/div>\n<\/div>\n<\/div>\n<\/div>\n\n<div class=\"et_pb_row_2 et_pb_row et_flex_row et_animated\">\n<div class=\"et_pb_column_2 et_pb_column et_flex_column et_pb_css_mix_blend_mode_passthrough et_flex_column_12_24 et_flex_column_24_24_phone et_flex_column_24_24_phoneWide\">\n<div class=\"et_pb_accordion_0 et_pb_accordion et_pb_module et_flex_module dt-closed-accordion preset--module--divi-accordion--default\">\n<div class=\"et_pb_accordion_item_0 et_pb_accordion_item et_pb_toggle et_pb_module et_pb_toggle_open et_flex_module preset--module--divi-accordion-item--default\"><h4 class=\"et_pb_toggle_title\">Cadre juridique. Conformit\u00e9 au RGPD<\/h4><div class=\"et_pb_toggle_content et_flex_module\"><p>Cadre juridique. Conformit\u00e9 au RGPD<\/p>\n<p>Cette politique de confidentialit\u00e9 s\u2019applique \u00e0 l\u2019utilisation du site internet villalokobe.com dans le but de vous aider \u00e0 comprendre comment est trait\u00e9e l\u2019information dans le cadre de l\u2019utilisation de ce site. Nous effectuons des traitements de donn\u00e9es personnelles conform\u00e9ment au r\u00e8glement (UE) 2016\/679 du Parlement europ\u00e9en et du Conseil du 27 avril 2016, relatif \u00e0 la protection des personnes physiques \u00e0 l\u2019\u00e9gard du traitement des donn\u00e9es \u00e0 caract\u00e8re personnel et \u00e0 la libre circulation de ces donn\u00e9es (ci-apr\u00e8s d\u00e9sign\u00e9 le RGPD) et \u00e0 loi fran\u00e7aise n\u00b0 78-17 du 6 janvier 1978 relative \u00e0 l\u2019informatique, aux fichiers et aux libert\u00e9s.<\/p>\n<\/div><\/div>\n\n<div class=\"et_pb_accordion_item_1 et_pb_accordion_item et_pb_toggle et_pb_module et_pb_toggle_close et_flex_module preset--module--divi-accordion-item--default\"><h4 class=\"et_pb_toggle_title\">Conditions g\u00e9n\u00e9rales d\u2019utilisation<\/h4><div class=\"et_pb_toggle_content et_flex_module\"><p>L\u2019utilisation du site villalokobe.com implique l\u2019acceptation pleine et enti\u00e8re des conditions g\u00e9n\u00e9rales d\u2019utilisation ci-apr\u00e8s d\u00e9crites. Ces conditions d\u2019utilisation sont susceptibles d\u2019\u00eatre modifi\u00e9es ou compl\u00e9t\u00e9es \u00e0 tout moment, les utilisateurs du site villalokobe.com sont donc invit\u00e9s \u00e0 les consulter de mani\u00e8re r\u00e9guli\u00e8re.<\/p>\n<p>Ce site est normalement accessible \u00e0 tout moment aux utilisateurs. Une interruption pour raison de maintenance technique peut \u00eatre toutefois d\u00e9cid\u00e9e par Villa Lokobe, qui s\u2019efforcera alors de communiquer pr\u00e9alablement aux utilisateurs les dates et heures de l\u2019intervention.<\/p>\n<p>Le site villalokobe.com est mis \u00e0 jour r\u00e9guli\u00e8rement par l\u2019administrateur du site. De la m\u00eame fa\u00e7on, les mentions l\u00e9gales peuvent \u00eatre modifi\u00e9es \u00e0 tout moment : elles s\u2019imposent n\u00e9anmoins \u00e0 l\u2019utilisateur qui est invit\u00e9 \u00e0 s\u2019y r\u00e9f\u00e9rer le plus souvent possible afin d\u2019en prendre connaissance.<\/p>\n<\/div><\/div>\n\n<div class=\"et_pb_accordion_item_2 et_pb_accordion_item et_pb_toggle et_pb_module et_pb_toggle_close et_flex_module preset--module--divi-accordion-item--default\"><h4 class=\"et_pb_toggle_title\"> Limitations contractuelles sur les donn\u00e9es techniques<\/h4><div class=\"et_pb_toggle_content et_flex_module\"><p>Le site utilise les technologies HTML\/PHP\/CSS\/JavaScript.<\/p>\n<p>Le site Internet ne pourra \u00eatre tenu responsable de dommages mat\u00e9riels li\u00e9s \u00e0 l\u2019utilisation du site. De plus, l\u2019utilisateur du site s\u2019engage \u00e0 acc\u00e9der au site en utilisant un mat\u00e9riel r\u00e9cent, ne contenant pas de virus et avec un navigateur de derni\u00e8re g\u00e9n\u00e9ration mis-\u00e0-jour.<\/p>\n<\/div><\/div>\n\n<div class=\"et_pb_accordion_item_3 et_pb_accordion_item et_pb_toggle et_pb_module et_pb_toggle_close et_flex_module preset--module--divi-accordion-item--default\"><h4 class=\"et_pb_toggle_title\">Liens vers d\u2019autres sites<\/h4><div class=\"et_pb_toggle_content et_flex_module\"><p>Ce site peut contenir des liens vers d\u2019autres sites qui ne sont pas contr\u00f4l\u00e9s en aucune fa\u00e7on par nous, nous ne sommes pas responsables des pratiques de confidentialit\u00e9 et politiques de tout autre site internet que le n\u00f4tre. Par cons\u00e9quent, nous vous sugg\u00e9rons fortement de lire la politique de chaque site que vous visitez.<\/p>\n<\/div><\/div>\n\n<div class=\"et_pb_accordion_item_4 et_pb_accordion_item et_pb_toggle et_pb_module et_pb_toggle_close et_flex_module preset--module--divi-accordion-item--default\"><h4 class=\"et_pb_toggle_title\">Photographies<\/h4><div class=\"et_pb_toggle_content et_flex_module\"><p>Les photographies que vous trouverez sur ce site sont prot\u00e9g\u00e9es et sous licence conform\u00e9ment \u00e0 l\u2019article L112-1 du Code la propri\u00e9t\u00e9 intellectuelle.<\/p>\n<\/div><\/div>\n\n<div class=\"et_pb_accordion_item_5 et_pb_accordion_item et_pb_toggle et_pb_module et_pb_toggle_close et_flex_module preset--module--divi-accordion-item--default\"><h4 class=\"et_pb_toggle_title\">Description des services fournis<\/h4><div class=\"et_pb_toggle_content et_flex_module\"><p>Villa Lokobe s\u2019efforce de fournir sur ce site internet des informations aussi pr\u00e9cises que possible. Toutefois, il ne pourra \u00eatre tenue responsable des omissions, des inexactitudes et des carences dans la mise \u00e0 jour, qu\u2019elles soient de son fait ou du fait des tiers partenaires qui lui fournissent ces informations.<\/p>\n<p>Tous les informations indiqu\u00e9es sur le site villalokobe.com sont donn\u00e9es \u00e0 titre indicatif, et sont susceptibles d\u2019\u00e9voluer. Par ailleurs, les renseignements figurant sur le site ne sont pas exhaustifs. Ils sont donn\u00e9s sous r\u00e9serve de modifications ayant \u00e9t\u00e9 apport\u00e9es depuis leur mise en ligne.<\/p>\n<\/div><\/div>\n<\/div>\n<\/div>\n\n<div class=\"et_pb_column_3 et_pb_column et-last-child et_flex_column et_pb_css_mix_blend_mode_passthrough et_flex_column_12_24 et_flex_column_24_24_phone et_flex_column_24_24_phoneWide\">\n<div class=\"et_pb_accordion_1 et_pb_accordion et_pb_module et_flex_module dt-closed-accordion preset--module--divi-accordion--default\">\n<div class=\"et_pb_accordion_item_6 et_pb_accordion_item et_pb_toggle et_pb_module et_pb_toggle_open et_flex_module preset--module--divi-accordion-item--default\"><h4 class=\"et_pb_toggle_title\">Droits sur les donn\u00e9es collect\u00e9es<\/h4><div class=\"et_pb_toggle_content et_flex_module\"><p>La personne dont les donn\u00e9es personnelles sont collect\u00e9es a le droit :<\/p>\n<p>\u2013 de demander au responsable du traitement l\u2019acc\u00e8s aux donn\u00e9es \u00e0 caract\u00e8re personnel, la rectifi\u00adcation ou l\u2019effacement de celles-ci, ou une limitation du traitement relatif \u00e0 la personne concern\u00e9e.<br \/>\n\u2013 de s\u2019opposer au traitement.<br \/>\n\u2013 d\u2019introduire une r\u00e9clamation aupr\u00e8s d\u2019une autorit\u00e9 de contr\u00f4le.<br \/>\n\u2013 de retirer son consentement \u00e0 tout moment, sans porter atteinte \u00e0 la lic\u00e9it\u00e9 du traitement fond\u00e9 sur le consentement effectu\u00e9 avant le retrait de celui-ci, ce droit existant exclusivement lorsque le traitement est fond\u00e9 sur l\u2019article 6, paragraphe 1, point a), ou sur l\u2019article 9, paragraphe 2, point a) du RGPD, c\u2019est-\u00e0-dire sur le consentement de la personne concern\u00e9e au traitement de ses donn\u00e9es \u00e0 caract\u00e8re personnel pour une ou plusieurs finalit\u00e9s sp\u00e9cifiques.<\/p>\n<\/div><\/div>\n\n<div class=\"et_pb_accordion_item_7 et_pb_accordion_item et_pb_toggle et_pb_module et_pb_toggle_close et_flex_module preset--module--divi-accordion-item--default\"><h4 class=\"et_pb_toggle_title\"> Propri\u00e9t\u00e9 intellectuelle et contrefa\u00e7ons<\/h4><div class=\"et_pb_toggle_content et_flex_module\"><p>villalokobe.com est propri\u00e9taire des droits de propri\u00e9t\u00e9 intellectuelle ou d\u00e9tient les droits d\u2019usage sur tous les \u00e9l\u00e9ments accessibles sur le site, notamment les textes, images, graphismes, logo, ic\u00f4nes<\/p>\n<p>Toute reproduction, repr\u00e9sentation, modification, publication, adaptation de tout ou partie des \u00e9l\u00e9ments du site, quel que soit le moyen ou le proc\u00e9d\u00e9 utilis\u00e9, est interdite, sauf autorisation \u00e9crite pr\u00e9alable de : Villa Lokobe.<\/p>\n<p>Toute exploitation non autoris\u00e9e du site ou de l\u2019un quelconque des \u00e9l\u00e9ments qu\u2019il contient sera consid\u00e9r\u00e9e comme constitutive d\u2019une contrefa\u00e7on et poursuivie conform\u00e9ment aux dispositions des articles L.335-2 et suivants du Code de Propri\u00e9t\u00e9 Intellectuelle.<\/p>\n<\/div><\/div>\n\n<div class=\"et_pb_accordion_item_8 et_pb_accordion_item et_pb_toggle et_pb_module et_pb_toggle_close et_flex_module preset--module--divi-accordion-item--default\"><h4 class=\"et_pb_toggle_title\">Communications par courriel<\/h4><div class=\"et_pb_toggle_content et_flex_module\"><p>Lors d\u2019une demande d\u2019information ou de r\u00e9servation, nous demandons aux visiteurs leur adresse e-mail et leur nom.<\/p>\n<p>Nous offrons \u00e9galement aux visiteurs de notre site l\u2019occasion de refuser de recevoir des communications de notre part.<br \/>\nCes communications comprendront notre bulletin d\u2019information r\u00e9gulier et toute autre information que nous estimons susceptibles d\u2019\u00eatre pertinentes pour le visiteur.<br \/>\nVous pouvez refuser de recevoir des emails ou invitations de notre part en nous \u00e9crivant \u00e0 contact@villalokobe.com ou en cliquant sur \u200b\u200ble lien de d\u00e9sabonnement dans un courriel que nous vous envoyons ou en r\u00e9pondant \u00e0 un courriel que nous vous envoyons et entrant le mot \u00ab d\u00e9sinscription \u00bb dans la ligne d\u2019objet .<\/p>\n<p>Encore une fois, si vous nous fournissez votre adresse e-mail et \/ ou nom aux fins de recevoir des communications de notre part, cette information ne sera pas partag\u00e9e avec une tierce partie sans votre consentement explicite.<\/p>\n<\/div><\/div>\n\n<div class=\"et_pb_accordion_item_9 et_pb_accordion_item et_pb_toggle et_pb_module et_pb_toggle_close et_flex_module preset--module--divi-accordion-item--default\"><h4 class=\"et_pb_toggle_title\">Cookies<\/h4><div class=\"et_pb_toggle_content et_flex_module\"><p>Si vous envoyez un message depuis notre site, il vous sera propos\u00e9 d\u2019enregistrer votre nom, adresse de messagerie dans des cookies. Ces cookies expirent au bout de 30 jours. Si vous avez un compte et que vous vous connectez sur ce site, un cookie temporaire sera cr\u00e9\u00e9 afin de d\u00e9terminer si votre navigateur accepte les cookies. Il ne contient pas de donn\u00e9es personnelles et sera supprim\u00e9 automatiquement \u00e0 la fermeture de votre navigateur.<\/p>\n<\/div><\/div>\n\n<div class=\"et_pb_accordion_item_10 et_pb_accordion_item et_pb_toggle et_pb_module et_pb_toggle_close et_flex_module preset--module--divi-accordion-item--default\"><h4 class=\"et_pb_toggle_title\">Dur\u00e9e de vie d\u2019un Cookie<\/h4><div class=\"et_pb_toggle_content et_flex_module\"><p>La loi impose aux cookies une dur\u00e9e de vie maximale de 13 mois maximum, sur notre site la dur\u00e9e de vie d\u2019un cookie avant expiration est de 30 jours. Vous pouvez \u00e0 tout moment exprimer et modifier vos souhaits en mati\u00e8re de cookies, par les moyens d\u00e9crits ci-dessous. 1. Les choix offerts par votre logiciel de navigation Vous pouvez configurer votre logiciel de navigation de mani\u00e8re \u00e0 ce que des cookies soient enregistr\u00e9s dans votre terminal ou, au contraire, qu\u2019ils soient rejet\u00e9s, soit syst\u00e9matiquement, soit selon leur \u00e9metteur. Vous pouvez \u00e9galement configurer votre logiciel de navigation de mani\u00e8re \u00e0 ce que l\u2019acceptation ou le refus des cookies vous soient propos\u00e9s ponctuellement, avant qu\u2019un cookie soit susceptible d\u2019\u00eatre enregistr\u00e9 dans votre terminal. Pour plus d\u2019informations, consultez la rubrique \u00ab Comment exercer vos choix selon le navigateur que vous utilisez \u00bb ci-dessous. 2. Le consentement sur les cookies L\u2019enregistrement d\u2019un cookie dans un terminal est essentiellement subordonn\u00e9 \u00e0 la volont\u00e9 de l\u2019utilisateur du terminal, que celui-ci peut exprimer et modifier \u00e0 tout moment et gratuitement \u00e0 travers les choix qui lui sont offerts par son logiciel de navigation. Si vous avez accept\u00e9 dans votre logiciel de navigation l\u2019enregistrement de cookies dans votre terminal, les cookies int\u00e9gr\u00e9s dans les pages et contenus que vous avez consult\u00e9s pourront \u00eatre stock\u00e9s temporairement dans un espace d\u00e9di\u00e9 de votre terminal. Ils y seront lisibles uniquement par leur \u00e9metteur. 3. Le refus des cookies Si vous refusez l\u2019enregistrement de cookies dans votre terminal, ou si vous supprimez ceux qui y sont enregistr\u00e9s, vous ne pourrez plus b\u00e9n\u00e9ficier d\u2019un certain nombre de fonctionnalit\u00e9s qui sont n\u00e9anmoins n\u00e9cessaires pour naviguer dans certains espaces de notre site. 4. Comment exercer vos choix selon le navigateur que vous utilisez Pour la gestion des cookies et de vos choix, la configuration de chaque navigateur est diff\u00e9rente. Elle est d\u00e9crite dans le menu d\u2019aide de votre navigateur, qui vous permettra de savoir de quelle mani\u00e8re modifier vos souhaits en mati\u00e8re de cookies.<\/p>\n<\/div><\/div>\n\n<div class=\"et_pb_accordion_item_11 et_pb_accordion_item et_pb_toggle et_pb_module et_pb_toggle_close et_flex_module preset--module--divi-accordion-item--default\"><h4 class=\"et_pb_toggle_title\">Droits de propri\u00e9t\u00e9 intellectuelle<\/h4><div class=\"et_pb_toggle_content et_flex_module\"><p>En vertu de l\u2019article 6 de la loi n\u00b0 2004-575 du 21 juin 2004 pour la confiance dans l\u2019\u00e9conomie num\u00e9rique, il est pr\u00e9cis\u00e9 aux utilisateurs du site Villa Lokobe l\u2019identit\u00e9 des diff\u00e9rents intervenants dans le cadre de sa r\u00e9alisation et de son suivi :<\/p>\n<p>Propri\u00e9taire : Masimiliano Felici \u2013 ulyssexplorer@gmail.com<br \/>\nResponsable publication : Administrateur \u2013 admin@villalokobe.com<br \/>\nH\u00e9bergeur: Host.<br \/>\nLocalisation des serveurs : United Kingdom.<\/p>\n<\/div><\/div>\n<\/div>\n<\/div>\n<\/div>\n<\/div>\n\n<div class=\"et_pb_section_1 et_pb_section et_section_regular et_flex_section et_pb_section_parallax preset--module--divi-section--default\"><span class=\"et-pb-parallax-wrapper\"><span class=\"et-pb-parallax-background et-pb-parallax-background--css et-pb-parallax-background-module--divi-section-1 et_parallax_bg_tablet_exist et_parallax_bg_phone_exist\" style=\"background-image:url(https:\/\/villalokobe.com\/media\/carte-hebergements.svg)\"><\/span><\/span><span class=\"et-pb-parallax-wrapper\"><span class=\"et-pb-parallax-background et-pb-parallax-background--css et-pb-parallax-background_tablet et-pb-parallax-background_tablet-module--divi-section-1 et_parallax_bg_phone_exist\" style=\"background-image:url(https:\/\/villalokobe.com\/media\/carte-hebergements.svg)\"><\/span><\/span><span class=\"et-pb-parallax-wrapper\"><span class=\"et-pb-parallax-background et-pb-parallax-background--css et-pb-parallax-background_phone et-pb-parallax-background_phone-module--divi-section-1 et_parallax_bg_tablet_exist\" style=\"background-image:url(https:\/\/villalokobe.com\/media\/carte-hebergements.svg)\"><\/span><\/span><\/div>","protected":false},"excerpt":{"rendered":"","protected":false},"author":1,"featured_media":0,"parent":0,"menu_order":0,"comment_status":"closed","ping_status":"closed","template":"","meta":{"inline_featured_image":false,"footnotes":""},"class_list":["post-1090960","page","type-page","status-publish","hentry"],"yoast_head":"<title>Note legali - Villa Lokobe<\/title>\n<meta name=\"robots\" content=\"index, follow, max-snippet:-1, max-image-preview:large, max-video-preview:-1\" \/>\n<link rel=\"canonical\" href=\"https:\/\/villalokobe.com\/it\/mentions-legales\/\" \/>\n<meta property=\"og:locale\" content=\"it_IT\" \/>\n<meta property=\"og:type\" content=\"article\" \/>\n<meta property=\"og:title\" content=\"Note legali - Villa Lokobe\" \/>\n<meta property=\"og:url\" content=\"https:\/\/villalokobe.com\/it\/mentions-legales\/\" \/>\n<meta property=\"og:site_name\" content=\"Villa Lokobe\" \/>\n<meta property=\"article:modified_time\" content=\"2025-12-10T04:15:57+00:00\" \/>\n<meta name=\"twitter:card\" content=\"summary_large_image\" \/>\n<script type=\"application\/ld+json\" class=\"yoast-schema-graph\">{\"@context\":\"https:\/\/schema.org\",\"@graph\":[{\"@type\":\"WebPage\",\"@id\":\"https:\/\/villalokobe.com\/it\/mentions-legales\/\",\"url\":\"https:\/\/villalokobe.com\/it\/mentions-legales\/\",\"name\":\"Note legali - Villa Lokobe\",\"isPartOf\":{\"@id\":\"https:\/\/villalokobe.com\/it\/#website\"},\"datePublished\":\"2025-12-03T15:43:47+00:00\",\"dateModified\":\"2025-12-10T04:15:57+00:00\",\"breadcrumb\":{\"@id\":\"https:\/\/villalokobe.com\/it\/mentions-legales\/#breadcrumb\"},\"inLanguage\":\"it-IT\",\"potentialAction\":[{\"@type\":\"ReadAction\",\"target\":[\"https:\/\/villalokobe.com\/it\/mentions-legales\/\"]}]},{\"@type\":\"BreadcrumbList\",\"@id\":\"https:\/\/villalokobe.com\/it\/mentions-legales\/#breadcrumb\",\"itemListElement\":[{\"@type\":\"ListItem\",\"position\":1,\"name\":\"Accueil\",\"item\":\"https:\/\/villalokobe.com\/it\/\"},{\"@type\":\"ListItem\",\"position\":2,\"name\":\"Note legali\"}]},{\"@type\":\"WebSite\",\"@id\":\"https:\/\/villalokobe.com\/it\/#website\",\"url\":\"https:\/\/villalokobe.com\/it\/\",\"name\":\"Villa Lokobe\",\"description\":\"Location maison et bungalows \u00e0 Nosy Be, Madagascar\",\"publisher\":{\"@id\":\"https:\/\/villalokobe.com\/it\/#organization\"},\"potentialAction\":[{\"@type\":\"SearchAction\",\"target\":{\"@type\":\"EntryPoint\",\"urlTemplate\":\"https:\/\/villalokobe.com\/it\/?s={search_term_string}\"},\"query-input\":{\"@type\":\"PropertyValueSpecification\",\"valueRequired\":true,\"valueName\":\"search_term_string\"}}],\"inLanguage\":\"it-IT\"},{\"@type\":\"Organization\",\"@id\":\"https:\/\/villalokobe.com\/it\/#organization\",\"name\":\"Villa Lokobe\",\"url\":\"https:\/\/villalokobe.com\/it\/\",\"logo\":{\"@type\":\"ImageObject\",\"inLanguage\":\"it-IT\",\"@id\":\"https:\/\/villalokobe.com\/it\/#\/schema\/logo\/image\/\",\"url\":\"https:\/\/villalokobe.com\/media\/villa-lokobe-logo-square.png\",\"contentUrl\":\"https:\/\/villalokobe.com\/media\/villa-lokobe-logo-square.png\",\"width\":512,\"height\":512,\"caption\":\"Villa Lokobe\"},\"image\":{\"@id\":\"https:\/\/villalokobe.com\/it\/#\/schema\/logo\/image\/\"}}]}<\/script>","yoast_head_json":{"title":"Note legali - Villa Lokobe","robots":{"index":"index","follow":"follow","max-snippet":"max-snippet:-1","max-image-preview":"max-image-preview:large","max-video-preview":"max-video-preview:-1"},"canonical":"https:\/\/villalokobe.com\/it\/mentions-legales\/","og_locale":"it_IT","og_type":"article","og_title":"Note legali - Villa Lokobe","og_url":"https:\/\/villalokobe.com\/it\/mentions-legales\/","og_site_name":"Villa Lokobe","article_modified_time":"2025-12-10T04:15:57+00:00","twitter_card":"summary_large_image","schema":{"@context":"https:\/\/schema.org","@graph":[{"@type":"WebPage","@id":"https:\/\/villalokobe.com\/it\/mentions-legales\/","url":"https:\/\/villalokobe.com\/it\/mentions-legales\/","name":"Note legali - Villa Lokobe","isPartOf":{"@id":"https:\/\/villalokobe.com\/it\/#website"},"datePublished":"2025-12-03T15:43:47+00:00","dateModified":"2025-12-10T04:15:57+00:00","breadcrumb":{"@id":"https:\/\/villalokobe.com\/it\/mentions-legales\/#breadcrumb"},"inLanguage":"it-IT","potentialAction":[{"@type":"ReadAction","target":["https:\/\/villalokobe.com\/it\/mentions-legales\/"]}]},{"@type":"BreadcrumbList","@id":"https:\/\/villalokobe.com\/it\/mentions-legales\/#breadcrumb","itemListElement":[{"@type":"ListItem","position":1,"name":"Accueil","item":"https:\/\/villalokobe.com\/it\/"},{"@type":"ListItem","position":2,"name":"Note legali"}]},{"@type":"WebSite","@id":"https:\/\/villalokobe.com\/it\/#website","url":"https:\/\/villalokobe.com\/it\/","name":"Villa Lokobe","description":"Location maison et bungalows \u00e0 Nosy Be, Madagascar","publisher":{"@id":"https:\/\/villalokobe.com\/it\/#organization"},"potentialAction":[{"@type":"SearchAction","target":{"@type":"EntryPoint","urlTemplate":"https:\/\/villalokobe.com\/it\/?s={search_term_string}"},"query-input":{"@type":"PropertyValueSpecification","valueRequired":true,"valueName":"search_term_string"}}],"inLanguage":"it-IT"},{"@type":"Organization","@id":"https:\/\/villalokobe.com\/it\/#organization","name":"Villa Lokobe","url":"https:\/\/villalokobe.com\/it\/","logo":{"@type":"ImageObject","inLanguage":"it-IT","@id":"https:\/\/villalokobe.com\/it\/#\/schema\/logo\/image\/","url":"https:\/\/villalokobe.com\/media\/villa-lokobe-logo-square.png","contentUrl":"https:\/\/villalokobe.com\/media\/villa-lokobe-logo-square.png","width":512,"height":512,"caption":"Villa Lokobe"},"image":{"@id":"https:\/\/villalokobe.com\/it\/#\/schema\/logo\/image\/"}}]}},"_links":{"self":[{"href":"https:\/\/villalokobe.com\/it\/wp-json\/wp\/v2\/pages\/1090960","targetHints":{"allow":["GET"]}}],"collection":[{"href":"https:\/\/villalokobe.com\/it\/wp-json\/wp\/v2\/pages"}],"about":[{"href":"https:\/\/villalokobe.com\/it\/wp-json\/wp\/v2\/types\/page"}],"author":[{"embeddable":true,"href":"https:\/\/villalokobe.com\/it\/wp-json\/wp\/v2\/users\/1"}],"replies":[{"embeddable":true,"href":"https:\/\/villalokobe.com\/it\/wp-json\/wp\/v2\/comments?post=1090960"}],"version-history":[{"count":2,"href":"https:\/\/villalokobe.com\/it\/wp-json\/wp\/v2\/pages\/1090960\/revisions"}],"predecessor-version":[{"id":1091237,"href":"https:\/\/villalokobe.com\/it\/wp-json\/wp\/v2\/pages\/1090960\/revisions\/1091237"}],"wp:attachment":[{"href":"https:\/\/villalokobe.com\/it\/wp-json\/wp\/v2\/media?parent=1090960"}],"curies":[{"name":"wp","href":"https:\/\/api.w.org\/{rel}","templated":true}]}}